{"id":5006,"date":"2016-09-12T22:06:06","date_gmt":"2016-09-12T20:06:06","guid":{"rendered":"https:\/\/www.neukirch.de\/?page_id=5006&#038;lang=en"},"modified":"2024-10-28T12:27:01","modified_gmt":"2024-10-28T11:27:01","slug":"downloads","status":"publish","type":"page","link":"https:\/\/www.neukirch.de\/en\/downloads\/","title":{"rendered":"Downloads"},"content":{"rendered":"<div class=\"wpb-content-wrapper\"><p>[vc_row][vc_column][vc_column_text css=&#8221;&#8221;]<\/p>\n<h4>Certificates<\/h4>\n<ul>\n<li><a href=\"http:\/\/neukirch.de\/wp-content\/uploads\/2019\/06\/ISO-9001-2015-english.pdf\">ISO 9001:2015 Certificate<\/a><\/li>\n<li><a href=\"http:\/\/neukirch.de\/wp-content\/uploads\/2016\/03\/AEO_Zertifikat2010.pdf\" target=\"_blank\" rel=\"noopener noreferrer\">AEO Zertifikat 2010 ( PDF, 216 KB)<\/a><\/li>\n<li><a href=\"https:\/\/www.neukirch.de\/wp-content\/uploads\/2021\/05\/Signed-Cert-246200-2017-AIFS-GER-ACCREDIA_Rev3.pdf\">IFS_Certificate_2021<\/a><\/li>\n<li><a href=\"https:\/\/www.neukirch.de\/wp-content\/uploads\/2022\/01\/2021_12_20_41945_Bescheinigung_engl.pdf\">eco certification_Article 29(1) of Regulation (EC) No 8342007<\/a><\/li>\n<li><a href=\"https:\/\/www.neukirch.de\/wp-content\/uploads\/2024\/10\/Member_certificate_2024_F.W._Neukrich_Germany.pdf\" target=\"_blank\" rel=\"noopener\">SCN Membership Certificate<\/a><\/li>\n<\/ul>\n<h4>Conditions<\/h4>\n<p><strong><u>Business Terms &amp; Conditions<\/u><\/strong><br \/>\n<u>Note:<\/u> \u00a0\u00a0 The following text is not a binding translation of the German original. In case of disputes the German language original of the ADSp applies.<br \/>\nWe operate exclusively in accordance with the Allgemeine Deutsche Spediteurbedingungen 2017 &#8211; ADSp 2017 &#8211; (German Freight Forwarders&#8217; General Terms and Conditions 2017) and \u2013 if they do not apply for performing logistic services \u2013 with the Logistic-AGB (General Terms and Conditions of Logistics-Services Providers), as March 2006. <strong>Note: <\/strong>In clause 23 the ADSp 2017 deviates from the statutory liability limitation in section 431 German Commercial Code (HGB) by limiting the liability for multimodal transportation with the involvement of sea carriage and an unknown damage location to 2 SDR\/kg and, for the rest, the customary liability limitation of 8,33 SDR\/kg additionally to Euro 1,25 million per damage claim and EUR 2,5 million per damage event, but not less than 2 SDR\/kg. Heavy transports and the usage of cranes and equipment are handled in accordance with the \u201cGeneral Business Terms of BSK cranage and transport 2013\u201d. Removals are handled in accordance with the \u201cHGB\u201d and additional with our \u201cGeneral Business Terms and Conditions\u201d, removal storage under \u201cGeneral storage terms of German removal transports\u201d, current version.<\/p>\n<p>As place of jurisdiction it is expressly agreed Bremen. The use of German law is expressly agreed.<\/p>\n<ul>\n<li><a href=\"https:\/\/www.neukirch.de\/wp-content\/uploads\/2020\/06\/041-a-Engl-AGB.pdf\" target=\"_blank\" rel=\"noopener noreferrer\">Logistik-AGB\u2028(PDF, 57 KB)<\/a><\/li>\n<li><a href=\"http:\/\/neukirch.de\/wp-content\/uploads\/2016\/01\/262-a-ADSp-2017-Text-engl.pdf\">German Freight Forwarders\u2019 Standard Terms and Conditions 2017<\/a><\/li>\n<li><a href=\"http:\/\/neukirch.de\/wp-content\/uploads\/2016\/03\/AGB.pdf\" target=\"_blank\" rel=\"noopener noreferrer\">Allgemeine Gesch\u00e4ftsbedingungen f\u00fcr den M\u00f6beltransport \u2028(PDF, 42 KB)<\/a><\/li>\n<li><a href=\"http:\/\/neukirch.de\/wp-content\/uploads\/2016\/03\/AGB-BSK2008.pdf\" target=\"_blank\" rel=\"noopener noreferrer\">Allgemeine Gesch\u00e4ftsbedingungen der Bundesfachgruppe Schwertransporte und Kranarbeiten (PDF, 58 KB)<\/a><\/li>\n<li><a href=\"http:\/\/neukirch.de\/wp-content\/uploads\/2016\/03\/adsp_d.pdf\" target=\"_blank\" rel=\"noopener noreferrer\">Allgemeine Deutsche Spediteursbedingungen &#8211; ADSp 2003 (PDF, 121 KB)<\/a><\/li>\n<li><a href=\"http:\/\/neukirch.de\/wp-content\/uploads\/2016\/03\/trw.pdf\" target=\"_blank\" rel=\"noopener noreferrer\">Allgemeine Deutsche Seeversicherungsbedingungen (PDF, 82 KB)<\/a><\/li>\n<li><a href=\"https:\/\/www.neukirch.de\/wp-content\/uploads\/2021\/03\/R_55_45_2021_MV_Anlage_2021-02-26-Haftungsinformationen-2021.pdf\">Wichtige Informationen zur Haftung und Unterrichtungspflichten des M\u00f6belspediteurs<\/a><\/li>\n<li><a href=\"https:\/\/www.neukirch.de\/wp-content\/uploads\/2021\/03\/R_55_45_2021_MV_Anlage_2021-02-26-AGB-Umzug-2021.pdf\" target=\"_blank\" rel=\"noopener\">Allgemeine Gesch\u00e4ftsbedingungen f\u00fcr Umz\u00fcge und Lagerungen<\/a><\/li>\n<\/ul>\n<h4>Others<\/h4>\n<ul>\n<li><a href=\"http:\/\/neukirch.de\/wp-content\/uploads\/2016\/03\/Mindestlohngesetz.pdf\" target=\"_blank\" rel=\"noopener noreferrer\">Best\u00e4tigung \u00fcber die Einhaltung des Mindeslohngesetzes f\u00fcr das Land Bremen (MiLoG)(PDF, 100 KB)<\/a><\/li>\n<li><a href=\"https:\/\/www.neukirch.de\/wp-content\/uploads\/2020\/02\/Freistellungsbescheinigung.pdf\" target=\"_blank\" rel=\"noopener noreferrer\">Freistellungsbescheinigung zum Steuerabzug bei Bauleistungen gem\u00e4\u00df \u00a7 48 b Abs. 1 Satz 1 des Einkommensteuergesetzes (EStG) (2020-2022) (PDF, 1717 KB)<\/a><\/li>\n<li><a href=\"https:\/\/www.neukirch.de\/wp-content\/uploads\/2021\/10\/Code-of-conduct-FWN.pdf\">Code of conduct FWN<\/a><\/li>\n<\/ul>\n<h4>Memories<\/h4>\n<ul>\n<li><a href=\"http:\/\/neukirch.de\/wp-content\/uploads\/2016\/03\/FWN-Werbeprospekt1942.pdf\" target=\"_blank\" rel=\"noopener noreferrer\">ca. 1942 &#8211; FWN Werbeprospekt (PDF, 2 MB)<\/a><\/li>\n<li><a href=\"http:\/\/neukirch.de\/wp-content\/uploads\/2016\/03\/FWN-150Jahre.pdf\" target=\"_blank\" rel=\"noopener noreferrer\">1955 &#8211; FWN Jubil\u00e4umsmagazin (PDF, 10,7 MB)<\/a><\/li>\n<li><a href=\"http:\/\/neukirch.de\/wp-content\/uploads\/2016\/03\/1955-Alexandrien.jpg\" target=\"_blank\" rel=\"noopener noreferrer\">1955 &#8211; Umzug nach Alexandrien (JPG, 620 KB)<\/a><\/li>\n<li><a href=\"http:\/\/neukirch.de\/wp-content\/uploads\/2016\/03\/BroschuereSchwertransport_modernbauen.pdf\" target=\"_blank\" rel=\"noopener noreferrer\">ca. 1962 &#8211; Modern Bauen (PDF, 1,7 MB)<\/a><\/li>\n<li><a href=\"http:\/\/neukirch.de\/wp-content\/uploads\/2016\/03\/fwn-20-seiter.pdf\" target=\"_blank\" rel=\"noopener noreferrer\">2005 &#8211; FWN Jubil\u00e4umsmagazin (PDF, 3,7 MB)<\/a><\/li>\n<\/ul>\n<p>[\/vc_column_text][\/vc_column][\/vc_row]<\/p>\n<\/div>","protected":false},"excerpt":{"rendered":"<p>[vc_row][vc_column][vc_column_text css=&#8221;&#8221;] Certificates ISO 9001:2015 Certificate AEO Zertifikat 2010 ( PDF, 216 KB) IFS_Certificate_2021 eco certification_Article 29(1) of Regulation (EC) No 8342007 SCN Membership Certificate Conditions Business Terms &amp; Conditions Note: \u00a0\u00a0 The following text is not a binding translation of the German original. In case of disputes the German language original of the ADSp&hellip;<\/p>\n","protected":false},"author":5,"featured_media":0,"parent":0,"menu_order":0,"comment_status":"closed","ping_status":"closed","template":"","meta":{"footnotes":""},"class_list":["post-5006","page","type-page","status-publish","hentry","description-off"],"aioseo_notices":[],"_links":{"self":[{"href":"https:\/\/www.neukirch.de\/en\/wp-json\/wp\/v2\/pages\/5006","targetHints":{"allow":["GET"]}}],"collection":[{"href":"https:\/\/www.neukirch.de\/en\/wp-json\/wp\/v2\/pages"}],"about":[{"href":"https:\/\/www.neukirch.de\/en\/wp-json\/wp\/v2\/types\/page"}],"author":[{"embeddable":true,"href":"https:\/\/www.neukirch.de\/en\/wp-json\/wp\/v2\/users\/5"}],"replies":[{"embeddable":true,"href":"https:\/\/www.neukirch.de\/en\/wp-json\/wp\/v2\/comments?post=5006"}],"version-history":[{"count":23,"href":"https:\/\/www.neukirch.de\/en\/wp-json\/wp\/v2\/pages\/5006\/revisions"}],"predecessor-version":[{"id":16007,"href":"https:\/\/www.neukirch.de\/en\/wp-json\/wp\/v2\/pages\/5006\/revisions\/16007"}],"wp:attachment":[{"href":"https:\/\/www.neukirch.de\/en\/wp-json\/wp\/v2\/media?parent=5006"}],"curies":[{"name":"wp","href":"https:\/\/api.w.org\/{rel}","templated":true}]}}