{"id":9983,"date":"2020-01-16T09:49:21","date_gmt":"2020-01-16T08:49:21","guid":{"rendered":"https:\/\/www.neukirch.de\/contact\/"},"modified":"2024-10-21T15:53:07","modified_gmt":"2024-10-21T13:53:07","slug":"contact","status":"publish","type":"page","link":"https:\/\/www.neukirch.de\/en\/contact\/","title":{"rendered":"Contact"},"content":{"rendered":"<div class=\"wpb-content-wrapper\"><p>[vc_row bg_type=&#8221;image&#8221; parallax_style=&#8221;vcpb-vz-jquery&#8221; bg_image_new=&#8221;id^9967|url^https:\/\/www.neukirch.de\/wp-content\/uploads\/2020\/01\/kontakt-header-fwn.jpg|caption^null|alt^Kontakt Headerbild|title^kontakt-header-fwn|description^null&#8221; bg_image_repeat=&#8221;no-repeat&#8221; bg_override=&#8221;full&#8221; enable_overlay=&#8221;enable_overlay_value&#8221; overlay_color=&#8221;rgba(0,0,0,0.5)&#8221; overlay_pattern=&#8221;transperant&#8221; overlay_pattern_opacity=&#8221;25&#8243; type=&#8221;vc_default&#8221; margin_top=&#8221;-50&#8243; css=&#8221;.vc_custom_1604594811169{margin-top: -70px !important;padding-top: 8% !important;padding-bottom: 8% !important;background-color: #000000 !important;}&#8221;][vc_column offset=&#8221;vc_col-lg-12 vc_col-md-12&#8243; css=&#8221;.vc_custom_1476030031960{padding-bottom: 10px !important;}&#8221;]<style type=\"text\/css\" data-type=\"the7_shortcodes-inline-css\">.dt-shortcode-icon.icon-12c210981f9a42e9a1a68d9da8066047 {\n  min-width: 64px;\n  min-height: 64px;\n  font-size: 64px;\n  border-radius: 100px;\n}\n.dt-shortcode-icon.icon-12c210981f9a42e9a1a68d9da8066047:last-child {\n  margin-right: 0;\n}\n.dt-shortcode-icon.icon-12c210981f9a42e9a1a68d9da8066047 .icon-inner {\n  margin: 0px;\n  min-width: 64px;\n  min-height: 64px;\n  border-radius: 100px;\n}\n.dt-shortcode-icon.icon-12c210981f9a42e9a1a68d9da8066047 .dt-hover-icon {\n  line-height: 64px;\n}\n.dt-shortcode-icon.icon-12c210981f9a42e9a1a68d9da8066047:before,\n.dt-shortcode-icon.icon-12c210981f9a42e9a1a68d9da8066047:after,\n.dt-shortcode-icon.icon-12c210981f9a42e9a1a68d9da8066047 .icon-inner:before,\n.dt-shortcode-icon.icon-12c210981f9a42e9a1a68d9da8066047 .icon-inner:after {\n  min-width: 100%;\n  min-height: 100%;\n  padding: inherit;\n  border-radius: inherit;\n}\n.dt-shortcode-icon.icon-12c210981f9a42e9a1a68d9da8066047.dt-icon-border-on:before {\n  border-width: 0px;\n  border-style: solid;\n}\n.dt-icon-border-dashed.dt-shortcode-icon.icon-12c210981f9a42e9a1a68d9da8066047.dt-icon-border-on:before {\n  border-style: dashed;\n}\n.dt-icon-border-dotted.dt-shortcode-icon.icon-12c210981f9a42e9a1a68d9da8066047.dt-icon-border-on:before {\n  border-style: dotted;\n}\n.dt-icon-border-double.dt-shortcode-icon.icon-12c210981f9a42e9a1a68d9da8066047.dt-icon-border-on:before {\n  border-style: double;\n}\n.dt-shortcode-icon.icon-12c210981f9a42e9a1a68d9da8066047.dt-icon-hover-border-on:after {\n  border-width: 0px;\n  border-style: solid;\n}\n.dt-icon-border-dashed.dt-shortcode-icon.icon-12c210981f9a42e9a1a68d9da8066047.dt-icon-hover-border-on:after {\n  border-style: dashed;\n}\n.dt-icon-border-dotted.dt-shortcode-icon.icon-12c210981f9a42e9a1a68d9da8066047.dt-icon-hover-border-on:after {\n  border-style: dotted;\n}\n.dt-icon-border-double.dt-shortcode-icon.icon-12c210981f9a42e9a1a68d9da8066047.dt-icon-hover-border-on:after {\n  border-style: double;\n}\n.dt-shortcode-icon.icon-12c210981f9a42e9a1a68d9da8066047.dt-icon-hover-on:hover {\n  font-size: 64px;\n}\n.dt-shortcode-icon.icon-12c210981f9a42e9a1a68d9da8066047 .soc-font-icon,\n.dt-shortcode-icon.icon-12c210981f9a42e9a1a68d9da8066047 .soc-icon {\n  font-size: 64px;\n}<\/style><div class=\"dt-shortcode-icon-wrap dt-icon-center \"><span  class=\"anchor-link icomoon-the7-font-the7-comment-00 icon-12c210981f9a42e9a1a68d9da8066047 dt-shortcode-icon dt-icon-bg-off dt-icon-hover-on dt-icon-hover-bg-off dt-icon-animate-scale  vc_custom_1573327656901 \" ><span class=\"icon-inner\"><i class=\"dt-regular-icon soc-icon icomoon-the7-font-the7-comment-00\"><\/i><i class=\"dt-hover-icon soc-icon icomoon-the7-font-the7-comment-00\"><\/i><span class=\"screen-reader-text\"><\/span><\/span><\/span><\/div><div id=\"ultimate-heading-786269d030fc6030c\" class=\"uvc-heading ult-adjust-bottom-margin ultimate-heading-786269d030fc6030c uvc-2196 \" data-hspacer=\"no_spacer\"  data-halign=\"center\" style=\"text-align:center\"><div class=\"uvc-heading-spacer no_spacer\" style=\"top\"><\/div><div class=\"uvc-main-heading ult-responsive\"  data-ultimate-target='.uvc-heading.ultimate-heading-786269d030fc6030c h2'  data-responsive-json-new='{\"font-size\":\"desktop:24px;mobile_landscape:20px;mobile:18px;\",\"line-height\":\"desktop:34px;mobile_landscape:30px;mobile:28px;\"}' ><h2 style=\"--font-weight:theme;color:#ffffff;margin-bottom:10px;\">Do You Have Questions?<\/h2><\/div><div class=\"uvc-sub-heading ult-responsive\"  data-ultimate-target='.uvc-heading.ultimate-heading-786269d030fc6030c .uvc-sub-heading '  data-responsive-json-new='{\"font-size\":\"desktop:52px;mobile_landscape:34px;mobile:24px;\",\"line-height\":\"desktop:62px;mobile_landscape:44px;mobile:34px;\"}'  style=\"font-weight:bold;color:#ffffff;\">We are happy to help you!<\/div><\/div>[\/vc_column][\/vc_row][vc_row type=&#8221;vc_default&#8221; margin_top=&#8221;0&#8243; margin_bottom=&#8221;-35&#8243; css=&#8221;.vc_custom_1573333785997{padding-top: 70px !important;padding-bottom: 20px !important;}&#8221;][vc_column offset=&#8221;vc_col-lg-6 vc_col-md-5 vc_col-xs-12&#8243; css=&#8221;.vc_custom_1573333097721{padding-bottom: 50px !important;}&#8221;]<div id=\"ultimate-heading-740969d030fc60371\" class=\"uvc-heading ult-adjust-bottom-margin ultimate-heading-740969d030fc60371 uvc-2520 accent-border-color\" data-hspacer=\"line_only\"  data-halign=\"left\" style=\"text-align:left\"><div class=\"uvc-main-heading ult-responsive\"  data-ultimate-target='.uvc-heading.ultimate-heading-740969d030fc60371 h3'  data-responsive-json-new='{\"font-size\":\"desktop:34px;\",\"line-height\":\"desktop:44px;\"}' ><h3 style=\"font-weight:bold;margin-bottom:15px;\">Wrote us<\/h3><\/div><div class=\"uvc-heading-spacer line_only\" style=\"margin-bottom:50px;height:3px;\"><span class=\"uvc-headings-line\" style=\"border-style:solid;border-bottom-width:3px;border-color:#ccc;width:150px;\"><\/span><\/div><\/div>[vc_column_text css=&#8221;.vc_custom_1579156779053{padding-bottom: 30px !important;}&#8221;]At this point, we would be happy to take your request using our contact form below. We will get back to you as soon as we receive your message.[\/vc_column_text]<form class=\"dt-contact-form dt-form privacy-form\" method=\"post\"><input type=\"hidden\" name=\"widget_id\" value=\"presscore-contact-form-widget--1\" \/><input type=\"hidden\" name=\"send_message\" value=\"\" \/><input type=\"hidden\" name=\"security_token\" value=\"74e89471a28df1bd4854\"\/><div class=\"form-fields\"><span class=\"form-name\"><label class=\"assistive-text\">Name *<\/label><input type=\"text\" class=\"validate[required]\" placeholder=\"Name *\" name=\"name\" value=\"\" aria-required=\"true\">\n<\/span><span class=\"form-mail\"><label class=\"assistive-text\">E-mail *<\/label><input type=\"text\" class=\"validate[required,custom[email]]\" placeholder=\"E-mail *\" name=\"email\" value=\"\" aria-required=\"true\">\n<\/span><span class=\"form-telephone\"><label class=\"assistive-text\">Telephone<\/label><input type=\"text\" placeholder=\"Telephone\" name=\"telephone\" value=\"\" aria-required=\"false\">\n<\/span><span class=\"form-company\"><label class=\"assistive-text\">Company<\/label><input type=\"text\" placeholder=\"Company\" name=\"company\" value=\"\" aria-required=\"false\">\n<\/span><\/div><span class=\"form-message\"><label class=\"assistive-text\">Message *<\/label><textarea class=\"validate[required]\" placeholder=\"Message *\" name=\"message\" rows=\"8\" aria-required=\"true\"><\/textarea>\n<\/span><p class=\"the7-form-terms-wrap\"><input type=\"checkbox\" id=\"the7-form-terms-0b96d81f0494fde5428c7aea243c9157\" name=\"terms\" class=\"validate[required] the7-form-terms\" aria-required=\"true\" \/>&nbsp;<label for=\"the7-form-terms-0b96d81f0494fde5428c7aea243c9157\"><span class=\"form-terms-text\">Mit der Absendung dieses Formulars erkl\u00e4re ich mich mit der Speicherung und Verarbeitung meiner Daten gem\u00e4\u00df den <a href=\"\/datenschutz\/\" rel=\"noopener\" target=\"_blank\">Datenschutzbestimmungen<\/a> auf dieser Webseite einverstanden.<\/span><\/label><\/p><p><a href=\"#\" class=\"dt-btn dt-btn-m dt-btn-submit\" rel=\"nofollow\"><span>Send Message<\/span><\/a><input class=\"assistive-text\" type=\"submit\" value=\"submit\"><\/p><\/form>\n[\/vc_column][vc_column offset=&#8221;vc_col-lg-6 vc_col-md-7 vc_col-xs-12&#8243; css=&#8221;.vc_custom_1573333782790{padding-bottom: 20px !important;}&#8221;]<div id=\"ultimate-heading-710369d030fc6070d\" class=\"uvc-heading ult-adjust-bottom-margin ultimate-heading-710369d030fc6070d uvc-365 accent-border-color\" data-hspacer=\"line_only\"  data-halign=\"left\" style=\"text-align:left\"><div class=\"uvc-main-heading ult-responsive\"  data-ultimate-target='.uvc-heading.ultimate-heading-710369d030fc6070d h3'  data-responsive-json-new='{\"font-size\":\"desktop:34px;\",\"line-height\":\"desktop:44px;\"}' ><h3 style=\"font-weight:bold;margin-bottom:15px;\">Contact information<\/h3><\/div><div class=\"uvc-heading-spacer line_only\" style=\"margin-bottom:50px;height:3px;\"><span class=\"uvc-headings-line\" style=\"border-style:solid;border-bottom-width:3px;border-color:#ccc;width:150px;\"><\/span><\/div><\/div><div class='ult_hotspot_container ult-adjust-bottom-margin ult-hotspot-tooltip-wrapper ' style=>  <img class='ult_hotspot_image' src=https:\/\/www.neukirch.de\/wp-content\/uploads\/2019\/12\/Firmensitz-map.jpg alt='Kartenansicht'\/>     <div class='utl-hotspot-items ult-hotspot-item'><div class='ult-hotspot-item  ' style='top:-webkit-calc(22.874493927125506% - 22px);top:-moz-calc(22.874493927125506% - 22px);top:calc(22.874493927125506% - 22px);left: -webkit-calc(47.107438016528924% - 22px);left: -moz-calc(47.107438016528924% - 22px);left: calc(47.107438016528924% - 22px);' >  <div style='z-index: 39;position: relative;'>   <a data-link_style='simple' class='ult-tooltipstered ult-hotspot-tooltip' href=\"https:\/\/goo.gl\/maps\/HT49nMUgRSFJyfng8\" title=\"Firmensitz F.W. Neukirch\" target=\"_blank\" rel=\"nofollow noopener\"  data-status='hide'><div class=\"ult-just-icon-wrapper  \"><div class=\"align-icon\" style=\"text-align:center;\">\n<div class=\"aio-icon  \"  style=\"color:#979fa3;font-size:44px;display:inline-block;\">\n\t<i class=\"icomoon-the7-font-the7-map-04\"><\/i>\n<\/div><\/div><\/div>  <\/a> <\/div><!-- ICON WRAP --> <div class='ult-glow' ><\/div><\/div>\n<\/div>     <div style='color:#000;' data-image='    '><\/div><\/div>[vc_row_inner equal_height=&#8221;yes&#8221; css=&#8221;.vc_custom_1573333816604{padding-top: 10px !important;}&#8221;][vc_column_inner width=&#8221;1\/2&#8243; css=&#8221;.vc_custom_1573333317251{padding-bottom: 30px !important;}&#8221;]<div class=\"aio-icon-component  vc_custom_1579251436821  accent-icon-bg color-title style_1\"><div id=\"Info-box-wrap-4002\" class=\"aio-icon-box left-icon\" style=\"\"  ><div class=\"aio-icon-left\"><div class=\"ult-just-icon-wrapper  \"><div class=\"align-icon\" style=\"text-align:center;\">\n<div class=\"aio-icon advanced \"  style=\"color:#ffffff;background:#dd3333;border-style:;border-color:#333333;border-width:1px;width:34px;height:34px;line-height:34px;border-radius:500px;font-size:16px;display:inline-block;\">\n\t<i class=\"icomoon-the7-font-the7-map-02\"><\/i>\n<\/div><\/div><\/div><\/div><div class=\"aio-ibd-block\"><div class=\"aio-icon-description ult-responsive\"  data-ultimate-target='#Info-box-wrap-4002 .aio-icon-description'  data-responsive-json-new='{\"font-size\":\"desktop:18px;\",\"line-height\":\"desktop:24px;\"}'  style=\"\">Zum Panrepel 37<br \/>\n28307 Bremen<\/div> <!-- description --><\/div> <!-- aio-ibd-block --><\/div> <!-- aio-icon-box --><\/div> <!-- aio-icon-component -->[\/vc_column_inner][vc_column_inner width=&#8221;1\/2&#8243; css=&#8221;.vc_custom_1573333321946{padding-bottom: 30px !important;}&#8221;]<div class=\"aio-icon-component  vc_custom_1579251536312  accent-icon-bg color-title style_1\"><div id=\"Info-box-wrap-7288\" class=\"aio-icon-box left-icon\" style=\"\"  ><div class=\"aio-icon-left\"><div class=\"ult-just-icon-wrapper  \"><div class=\"align-icon\" style=\"text-align:center;\">\n<div class=\"aio-icon advanced \"  style=\"color:#ffffff;background:#dd3333;border-style:;border-color:#333333;border-width:1px;width:34px;height:34px;line-height:34px;border-radius:500px;font-size:16px;display:inline-block;\">\n\t<i class=\"icomoon-the7-font-the7-phone-02\"><\/i>\n<\/div><\/div><\/div><\/div><div class=\"aio-ibd-block\"><div class=\"aio-icon-description ult-responsive\"  data-ultimate-target='#Info-box-wrap-7288 .aio-icon-description'  data-responsive-json-new='{\"font-size\":\"desktop:18px;\",\"line-height\":\"desktop:24px;\"}'  style=\"\">+49 421 48 94-0<\/div> <!-- description --><\/div> <!-- aio-ibd-block --><\/div> <!-- aio-icon-box --><\/div> <!-- aio-icon-component -->[\/vc_column_inner][vc_column_inner width=&#8221;1\/2&#8243; css=&#8221;.vc_custom_1573333326513{padding-bottom: 30px !important;}&#8221;]<div class=\"aio-icon-component  vc_custom_1579251884092  accent-icon-bg color-title ib-link-prevent-accent style_1\"><a class=\"aio-icon-box-link\" href=\"mailto:fwn@neukirch.de\" title=\"E-Mail an FWN schreiben\" ><div id=\"Info-box-wrap-2964\" class=\"aio-icon-box left-icon\" style=\"\"  ><div class=\"aio-icon-left\"><div class=\"ult-just-icon-wrapper  \"><div class=\"align-icon\" style=\"text-align:center;\">\n<div class=\"aio-icon advanced \"  style=\"color:#ffffff;background:#dd3333;border-style:;border-color:#333333;border-width:1px;width:34px;height:34px;line-height:34px;border-radius:500px;font-size:16px;display:inline-block;\">\n\t<i class=\"Defaults-envelope-o\"><\/i>\n<\/div><\/div><\/div><\/div><div class=\"aio-ibd-block\"><div class=\"aio-icon-description ult-responsive\"  data-ultimate-target='#Info-box-wrap-2964 .aio-icon-description'  data-responsive-json-new='{\"font-size\":\"desktop:18px;\",\"line-height\":\"desktop:24px;\"}'  style=\"\">fwn@neukirch.de<\/div> <!-- description --><\/div> <!-- aio-ibd-block --><\/div> <!-- aio-icon-box --><\/a><\/div> <!-- aio-icon-component -->[\/vc_column_inner][vc_column_inner width=&#8221;1\/2&#8243; css=&#8221;.vc_custom_1573333336321{padding-bottom: 30px !important;}&#8221;]<div class=\"aio-icon-component  vc_custom_1728895151465  accent-icon-bg color-title ib-link-prevent-accent style_1\"><a class=\"aio-icon-box-link\" href=\"https:\/\/www.xing.com\/pages\/f-w-neukirch\" title=\"F.W. Neukirch auf Xing\" target=\"_blank\" rel=\"noopener\" ><div id=\"Info-box-wrap-3757\" class=\"aio-icon-box left-icon\" style=\"\"  ><div class=\"aio-icon-left\"><div class=\"ult-just-icon-wrapper  \"><div class=\"align-icon\" style=\"text-align:center;\">\n<div class=\"aio-icon advanced \"  style=\"color:#ffffff;background:#dd3333;border-style:;border-color:#333333;border-width:1px;width:34px;height:34px;line-height:34px;border-radius:500px;font-size:16px;display:inline-block;\">\n\t<i class=\"icomoon-the7-font-xing\"><\/i>\n<\/div><\/div><\/div><\/div><div class=\"aio-ibd-block\"><div class=\"aio-icon-description ult-responsive\"  data-ultimate-target='#Info-box-wrap-3757 .aio-icon-description'  data-responsive-json-new='{\"font-size\":\"desktop:18px;\",\"line-height\":\"desktop:24px;\"}'  style=\"\">@f.w.neukirch<\/div> <!-- description --><\/div> <!-- aio-ibd-block --><\/div> <!-- aio-icon-box --><\/a><\/div> <!-- aio-icon-component -->[\/vc_column_inner][vc_column_inner width=&#8221;1\/2&#8243; css=&#8221;.vc_custom_1573333331914{padding-bottom: 30px !important;}&#8221;]<div class=\"aio-icon-component  vc_custom_1579252047954  accent-icon-bg color-title ib-link-prevent-accent style_1\"><a class=\"aio-icon-box-link\" href=\"https:\/\/www.instagram.com\/fwneukirch\/\" title=\"FWN auf Instagram\" target=\"_blank\" rel=\"noopener\" ><div id=\"Info-box-wrap-7160\" class=\"aio-icon-box left-icon\" style=\"\"  ><div class=\"aio-icon-left\"><div class=\"ult-just-icon-wrapper  \"><div class=\"align-icon\" style=\"text-align:center;\">\n<div class=\"aio-icon advanced \"  style=\"color:#ffffff;background:#dd3333;border-style:;border-color:#333333;border-width:1px;width:34px;height:34px;line-height:34px;border-radius:500px;font-size:16px;display:inline-block;\">\n\t<i class=\"icomoon-the7-font-instagram\"><\/i>\n<\/div><\/div><\/div><\/div><div class=\"aio-ibd-block\"><div class=\"aio-icon-description ult-responsive\"  data-ultimate-target='#Info-box-wrap-7160 .aio-icon-description'  data-responsive-json-new='{\"font-size\":\"desktop:18px;\",\"line-height\":\"desktop:24px;\"}'  style=\"\">@fwneukirch<\/div> <!-- description --><\/div> <!-- aio-ibd-block --><\/div> <!-- aio-icon-box --><\/a><\/div> <!-- aio-icon-component -->[\/vc_column_inner][vc_column_inner width=&#8221;1\/2&#8243; css=&#8221;.vc_custom_1573333340657{padding-bottom: 30px !important;}&#8221;]<div class=\"aio-icon-component  vc_custom_1579252093875  accent-icon-bg color-title ib-link-prevent-accent style_1\"><a class=\"aio-icon-box-link\" href=\"https:\/\/www.facebook.com\/F.W.Neukirch\" title=\"Folgen Sie uns auf Facebook\" target=\"_blank\" rel=\"noopener\" ><div id=\"Info-box-wrap-9737\" class=\"aio-icon-box left-icon\" style=\"\"  ><div class=\"aio-icon-left\"><div class=\"ult-just-icon-wrapper  \"><div class=\"align-icon\" style=\"text-align:center;\">\n<div class=\"aio-icon advanced \"  style=\"color:#ffffff;background:#dd3333;border-style:;border-color:#333333;border-width:1px;width:34px;height:34px;line-height:34px;border-radius:500px;font-size:16px;display:inline-block;\">\n\t<i class=\"icomoon-the7-font-facebook\"><\/i>\n<\/div><\/div><\/div><\/div><div class=\"aio-ibd-block\"><div class=\"aio-icon-description ult-responsive\"  data-ultimate-target='#Info-box-wrap-9737 .aio-icon-description'  data-responsive-json-new='{\"font-size\":\"desktop:18px;\",\"line-height\":\"desktop:24px;\"}'  style=\"\">@F.W.Neukirch<\/div> <!-- description --><\/div> <!-- aio-ibd-block --><\/div> <!-- aio-icon-box --><\/a><\/div> <!-- aio-icon-component -->[\/vc_column_inner][vc_column_inner width=&#8221;1\/2&#8243;]<div class=\"aio-icon-component  vc_custom_1582192767671  accent-icon-bg color-title ib-link-prevent-accent style_1\"><a class=\"aio-icon-box-link\" href=\"http:\/\/www.linkedin.com\/company\/fwneukirch\" title=\"FWN auf LinkedIn\" target=\"_blank\" rel=\"noopener\" ><div id=\"Info-box-wrap-4751\" class=\"aio-icon-box left-icon\" style=\"\"  ><div class=\"aio-icon-left\"><div class=\"ult-just-icon-wrapper  \"><div class=\"align-icon\" style=\"text-align:center;\">\n<div class=\"aio-icon advanced \"  style=\"color:#ffffff;background:#dd3333;border-style:;border-color:#333333;border-width:1px;width:34px;height:34px;line-height:34px;border-radius:500px;font-size:16px;display:inline-block;\">\n\t<i class=\"Defaults-linkedin\"><\/i>\n<\/div><\/div><\/div><\/div><div class=\"aio-ibd-block\"><div class=\"aio-icon-description ult-responsive\"  data-ultimate-target='#Info-box-wrap-4751 .aio-icon-description'  data-responsive-json-new='{\"font-size\":\"desktop:18px;\",\"line-height\":\"desktop:24px;\"}'  style=\"\">@fwneukirch<\/div> <!-- description --><\/div> <!-- aio-ibd-block --><\/div> <!-- aio-icon-box --><\/a><\/div> <!-- aio-icon-component -->[\/vc_column_inner][\/vc_row_inner][\/vc_column][\/vc_row]<\/p>\n<\/div>","protected":false},"excerpt":{"rendered":"<p>[vc_row bg_type=&#8221;image&#8221; parallax_style=&#8221;vcpb-vz-jquery&#8221; bg_image_new=&#8221;id^9967|url^https:\/\/www.neukirch.de\/wp-content\/uploads\/2020\/01\/kontakt-header-fwn.jpg|caption^null|alt^Kontakt Headerbild|title^kontakt-header-fwn|description^null&#8221; bg_image_repeat=&#8221;no-repeat&#8221; bg_override=&#8221;full&#8221; enable_overlay=&#8221;enable_overlay_value&#8221; overlay_color=&#8221;rgba(0,0,0,0.5)&#8221; overlay_pattern=&#8221;transperant&#8221; overlay_pattern_opacity=&#8221;25&#8243; type=&#8221;vc_default&#8221; margin_top=&#8221;-50&#8243; css=&#8221;.vc_custom_1604594811169{margin-top: -70px !important;padding-top: 8% !important;padding-bottom: 8% !important;background-color: #000000 !important;}&#8221;][vc_column offset=&#8221;vc_col-lg-12 vc_col-md-12&#8243; css=&#8221;.vc_custom_1476030031960{padding-bottom: 10px !important;}&#8221;][\/vc_column][\/vc_row][vc_row type=&#8221;vc_default&#8221; margin_top=&#8221;0&#8243; margin_bottom=&#8221;-35&#8243; css=&#8221;.vc_custom_1573333785997{padding-top: 70px !important;padding-bottom: 20px !important;}&#8221;][vc_column offset=&#8221;vc_col-lg-6 vc_col-md-5 vc_col-xs-12&#8243; css=&#8221;.vc_custom_1573333097721{padding-bottom: 50px !important;}&#8221;][vc_column_text css=&#8221;.vc_custom_1579156779053{padding-bottom: 30px !important;}&#8221;]At this point, we would be happy to take your request using&hellip;<\/p>\n","protected":false},"author":7,"featured_media":9960,"parent":0,"menu_order":0,"comment_status":"closed","ping_status":"closed","template":"","meta":{"footnotes":""},"class_list":["post-9983","page","type-page","status-publish","has-post-thumbnail","hentry","description-off"],"aioseo_notices":[],"_links":{"self":[{"href":"https:\/\/www.neukirch.de\/en\/wp-json\/wp\/v2\/pages\/9983","targetHints":{"allow":["GET"]}}],"collection":[{"href":"https:\/\/www.neukirch.de\/en\/wp-json\/wp\/v2\/pages"}],"about":[{"href":"https:\/\/www.neukirch.de\/en\/wp-json\/wp\/v2\/types\/page"}],"author":[{"embeddable":true,"href":"https:\/\/www.neukirch.de\/en\/wp-json\/wp\/v2\/users\/7"}],"replies":[{"embeddable":true,"href":"https:\/\/www.neukirch.de\/en\/wp-json\/wp\/v2\/comments?post=9983"}],"version-history":[{"count":9,"href":"https:\/\/www.neukirch.de\/en\/wp-json\/wp\/v2\/pages\/9983\/revisions"}],"predecessor-version":[{"id":15916,"href":"https:\/\/www.neukirch.de\/en\/wp-json\/wp\/v2\/pages\/9983\/revisions\/15916"}],"wp:featuredmedia":[{"embeddable":true,"href":"https:\/\/www.neukirch.de\/en\/wp-json\/wp\/v2\/media\/9960"}],"wp:attachment":[{"href":"https:\/\/www.neukirch.de\/en\/wp-json\/wp\/v2\/media?parent=9983"}],"curies":[{"name":"wp","href":"https:\/\/api.w.org\/{rel}","templated":true}]}}